{"id":691,"date":"2022-04-28T13:50:13","date_gmt":"2022-04-28T13:50:13","guid":{"rendered":"https:\/\/demo.creativethemes.com\/blocksy\/gadgets\/?page_id=16"},"modified":"2025-10-22T23:14:07","modified_gmt":"2025-10-23T02:14:07","slug":"about-us","status":"publish","type":"page","link":"https:\/\/xhhogar.com\/index.php\/about-us\/","title":{"rendered":"Sobre nosotros"},"content":{"rendered":"\t\t<div data-elementor-type=\"wp-page\" data-elementor-id=\"691\" class=\"elementor elementor-691\">\n\t\t\t\t<div class=\"elementor-element elementor-element-dbdf05a e-flex e-con-boxed e-con e-parent\" data-id=\"dbdf05a\" data-element_type=\"container\" data-e-type=\"container\">\n\t\t\t\t\t<div class=\"e-con-inner\">\n\t\t\t\t<div class=\"elementor-element elementor-element-c94ba26 elementor-widget elementor-widget-html\" data-id=\"c94ba26\" data-element_type=\"widget\" data-e-type=\"widget\" data-widget_type=\"html.default\">\n\t\t\t\t\t<!DOCTYPE html>\r\n<html lang=\"es\">\r\n<head>\r\n    <meta charset=\"UTF-8\">\r\n    <meta name=\"viewport\" content=\"width=device-width, initial-scale=1.0\">\r\n    <title>Nosotros - XH Hogar<\/title>\r\n    <style>\r\n        * {\r\n            margin: 0;\r\n            padding: 0;\r\n            box-sizing: border-box;\r\n        }\r\n\r\n        body {\r\n            font-family: 'Segoe UI', Tahoma, Geneva, Verdana, sans-serif;\r\n            background: #ffffff;\r\n            color: #333;\r\n            line-height: 1.8;\r\n            padding: 60px 20px;\r\n        }\r\n\r\n        .container {\r\n            max-width: 1000px;\r\n            margin: 0 auto;\r\n        }\r\n\r\n        .hero-section {\r\n            text-align: center;\r\n            margin-bottom: 80px;\r\n            animation: fadeInDown 1s ease-out;\r\n        }\r\n\r\n        @keyframes fadeInDown {\r\n            from {\r\n                opacity: 0;\r\n                transform: translateY(-30px);\r\n            }\r\n            to {\r\n                opacity: 1;\r\n                transform: translateY(0);\r\n            }\r\n        }\r\n\r\n        .hero-section h1 {\r\n            font-size: 3.5em;\r\n            color: #ff6b35;\r\n            margin-bottom: 20px;\r\n            font-weight: 700;\r\n            letter-spacing: -1px;\r\n        }\r\n\r\n        .hero-section .subtitle {\r\n            font-size: 1.5em;\r\n            color: #666;\r\n            font-weight: 300;\r\n            margin-bottom: 15px;\r\n        }\r\n\r\n        .hero-section .tagline {\r\n            font-size: 1.2em;\r\n            color: #999;\r\n            font-style: italic;\r\n        }\r\n\r\n        .content-grid {\r\n            display: grid;\r\n            gap: 40px;\r\n            margin-bottom: 60px;\r\n        }\r\n\r\n        .content-card {\r\n            background: linear-gradient(135deg, #fff 0%, #f9f9f9 100%);\r\n            border-left: 5px solid #ff6b35;\r\n            padding: 40px;\r\n            border-radius: 15px;\r\n            box-shadow: 0 5px 20px rgba(0, 0, 0, 0.08);\r\n            transition: all 0.4s ease;\r\n            animation: fadeInUp 0.8s ease-out backwards;\r\n        }\r\n\r\n        .content-card:nth-child(1) {\r\n            animation-delay: 0.2s;\r\n        }\r\n\r\n        .content-card:nth-child(2) {\r\n            animation-delay: 0.4s;\r\n        }\r\n\r\n        .content-card:nth-child(3) {\r\n            animation-delay: 0.6s;\r\n        }\r\n\r\n        @keyframes fadeInUp {\r\n            from {\r\n                opacity: 0;\r\n                transform: translateY(30px);\r\n            }\r\n            to {\r\n                opacity: 1;\r\n                transform: translateY(0);\r\n            }\r\n        }\r\n\r\n        .content-card:hover {\r\n            transform: translateY(-5px);\r\n            box-shadow: 0 10px 30px rgba(255, 107, 53, 0.15);\r\n        }\r\n\r\n        .content-card h2 {\r\n            color: #ff6b35;\r\n            font-size: 2em;\r\n            margin-bottom: 20px;\r\n            display: flex;\r\n            align-items: center;\r\n            gap: 15px;\r\n        }\r\n\r\n        .icon {\r\n            width: 40px;\r\n            height: 40px;\r\n            flex-shrink: 0;\r\n        }\r\n\r\n        .content-card p {\r\n            font-size: 1.1em;\r\n            color: #555;\r\n            text-align: justify;\r\n        }\r\n\r\n        .values-section {\r\n            background: linear-gradient(135deg, #ff6b35 0%, #e85a2b 100%);\r\n            color: white;\r\n            padding: 60px 40px;\r\n            border-radius: 20px;\r\n            text-align: center;\r\n            box-shadow: 0 10px 40px rgba(255, 107, 53, 0.3);\r\n            animation: fadeInUp 0.8s ease-out backwards;\r\n            animation-delay: 0.8s;\r\n        }\r\n\r\n        .values-section h2 {\r\n            font-size: 2.5em;\r\n            margin-bottom: 40px;\r\n            font-weight: 700;\r\n        }\r\n\r\n        .values-grid {\r\n            display: grid;\r\n            grid-template-columns: repeat(auto-fit, minmax(250px, 1fr));\r\n            gap: 30px;\r\n            margin-top: 40px;\r\n        }\r\n\r\n        .value-item {\r\n            background: rgba(255, 255, 255, 0.15);\r\n            padding: 30px;\r\n            border-radius: 15px;\r\n            backdrop-filter: blur(10px);\r\n            transition: all 0.3s ease;\r\n        }\r\n\r\n        .value-item:hover {\r\n            background: rgba(255, 255, 255, 0.25);\r\n            transform: scale(1.05);\r\n        }\r\n\r\n        .value-item svg {\r\n            width: 50px;\r\n            height: 50px;\r\n            margin-bottom: 15px;\r\n        }\r\n\r\n        .value-item h3 {\r\n            font-size: 1.5em;\r\n            margin-bottom: 10px;\r\n        }\r\n\r\n        .value-item p {\r\n            font-size: 1em;\r\n            opacity: 0.95;\r\n        }\r\n\r\n        @media (max-width: 768px) {\r\n            body {\r\n                padding: 40px 15px;\r\n            }\r\n\r\n            .hero-section h1 {\r\n                font-size: 2.5em;\r\n            }\r\n\r\n            .hero-section .subtitle {\r\n                font-size: 1.2em;\r\n            }\r\n\r\n            .content-card {\r\n                padding: 30px 25px;\r\n            }\r\n\r\n            .content-card h2 {\r\n                font-size: 1.6em;\r\n            }\r\n\r\n            .values-section {\r\n                padding: 40px 25px;\r\n            }\r\n\r\n            .values-section h2 {\r\n                font-size: 2em;\r\n            }\r\n\r\n            .values-grid {\r\n                grid-template-columns: 1fr;\r\n            }\r\n        }\r\n    <\/style>\r\n<\/head>\r\n<body>\r\n    <div class=\"container\">\r\n        <!-- Hero Section -->\r\n        <div class=\"hero-section\">\r\n            <h1>XH Productos para el Hogar<\/h1>\r\n            <p class=\"subtitle\">Consultor\u00edas e Inversiones SM SpA<\/p>\r\n            <p class=\"tagline\">Calidad, Compromiso y Sostenibilidad<\/p>\r\n        <\/div>\r\n\r\n        <!-- Content Cards -->\r\n        <div class=\"content-grid\">\r\n            <!-- Card 1: Nuestra Historia -->\r\n            <div class=\"content-card\">\r\n                <h2>\r\n                    <svg class=\"icon\" viewBox=\"0 0 24 24\" fill=\"none\" stroke=\"currentColor\" stroke-width=\"2\">\r\n                        <path d=\"M12 2L2 7l10 5 10-5-10-5z\"\/>\r\n                        <path d=\"M2 17l10 5 10-5M2 12l10 5 10-5\"\/>\r\n                    <\/svg>\r\n                    Nuestra Historia\r\n                <\/h2>\r\n                <p>\r\n                    Somos una empresa familiar comprometida con ofrecer productos de calidad a precios competitivos. \r\n                    Importamos cuidadosamente una amplia gama de productos, seleccionados por su excelencia y valor, \r\n                    para proporcionar experiencias \u00fanicas a nuestros clientes. Cada producto que ofrecemos ha sido \r\n                    elegido pensando en las necesidades y expectativas de quienes conf\u00edan en nosotros.\r\n                <\/p>\r\n            <\/div>\r\n\r\n            <!-- Card 2: Compromiso con la Calidad -->\r\n            <div class=\"content-card\">\r\n                <h2>\r\n                    <svg class=\"icon\" viewBox=\"0 0 24 24\" fill=\"none\" stroke=\"currentColor\" stroke-width=\"2\">\r\n                        <path d=\"M22 11.08V12a10 10 0 1 1-5.93-9.14\"\/>\r\n                        <polyline points=\"22 4 12 14.01 9 11.01\"\/>\r\n                    <\/svg>\r\n                    Compromiso con la Calidad\r\n                <\/h2>\r\n                <p>\r\n                    Nuestra dedicaci\u00f3n a la calidad se refleja en cada aspecto de nuestro negocio. Trabajamos \r\n                    estrechamente con nuestros proveedores para garantizar que cada producto cumpla con nuestros \r\n                    rigurosos est\u00e1ndares y las expectativas de nuestros clientes. La excelencia no es solo un \r\n                    objetivo, sino una promesa que renovamos con cada entrega.\r\n                <\/p>\r\n            <\/div>\r\n\r\n            <!-- Card 3: \u00c9tica y Sostenibilidad -->\r\n            <div class=\"content-card\">\r\n                <h2>\r\n                    <svg class=\"icon\" viewBox=\"0 0 24 24\" fill=\"none\" stroke=\"currentColor\" stroke-width=\"2\">\r\n                        <path d=\"M21 16V8a2 2 0 0 0-1-1.73l-7-4a2 2 0 0 0-2 0l-7 4A2 2 0 0 0 3 8v8a2 2 0 0 0 1 1.73l7 4a2 2 0 0 0 2 0l7-4A2 2 0 0 0 21 16z\"\/>\r\n                        <polyline points=\"7.5 4.21 12 6.81 16.5 4.21\"\/>\r\n                        <polyline points=\"7.5 19.79 7.5 14.6 3 12\"\/>\r\n                        <polyline points=\"21 12 16.5 14.6 16.5 19.79\"\/>\r\n                        <polyline points=\"3.27 6.96 12 12.01 20.73 6.96\"\/>\r\n                        <line x1=\"12\" y1=\"22.08\" x2=\"12\" y2=\"12\"\/>\r\n                    <\/svg>\r\n                    \u00c9tica y Sostenibilidad\r\n                <\/h2>\r\n                <p>\r\n                    M\u00e1s all\u00e1 de ofrecer productos de calidad, nos esforzamos por ser una empresa \u00e9tica y sostenible. \r\n                    Valoramos la transparencia y la honestidad en todas nuestras operaciones, manteniendo un compromiso \r\n                    inquebrantable con el bienestar de nuestra comunidad y nuestro planeta. Creemos que el \u00e9xito \r\n                    empresarial debe ir de la mano con la responsabilidad social y ambiental.\r\n                <\/p>\r\n            <\/div>\r\n        <\/div>\r\n\r\n        <!-- Values Section -->\r\n        <div class=\"values-section\">\r\n            <h2>Nuestros Valores<\/h2>\r\n            <div class=\"values-grid\">\r\n                <div class=\"value-item\">\r\n                    <svg viewBox=\"0 0 24 24\" fill=\"none\" stroke=\"currentColor\" stroke-width=\"2\">\r\n                        <path d=\"M12 2L2 7l10 5 10-5-10-5z\"\/>\r\n                        <path d=\"M2 17l10 5 10-5M2 12l10 5 10-5\"\/>\r\n                    <\/svg>\r\n                    <h3>Calidad<\/h3>\r\n                    <p>Productos cuidadosamente seleccionados que superan expectativas<\/p>\r\n                <\/div>\r\n                <div class=\"value-item\">\r\n                    <svg viewBox=\"0 0 24 24\" fill=\"none\" stroke=\"currentColor\" stroke-width=\"2\">\r\n                        <path d=\"M17 21v-2a4 4 0 0 0-4-4H5a4 4 0 0 0-4 4v2\"\/>\r\n                        <circle cx=\"9\" cy=\"7\" r=\"4\"\/>\r\n                        <path d=\"M23 21v-2a4 4 0 0 0-3-3.87\"\/>\r\n                        <path d=\"M16 3.13a4 4 0 0 1 0 7.75\"\/>\r\n                    <\/svg>\r\n                    <h3>Familia<\/h3>\r\n                    <p>Una empresa familiar con valores y tradici\u00f3n<\/p>\r\n                <\/div>\r\n                <div class=\"value-item\">\r\n                    <svg viewBox=\"0 0 24 24\" fill=\"none\" stroke=\"currentColor\" stroke-width=\"2\">\r\n                        <circle cx=\"12\" cy=\"12\" r=\"10\"\/>\r\n                        <path d=\"M12 6v6l4 2\"\/>\r\n                    <\/svg>\r\n                    <h3>Compromiso<\/h3>\r\n                    <p>Dedicaci\u00f3n constante con nuestros clientes y comunidad<\/p>\r\n                <\/div>\r\n                <div class=\"value-item\">\r\n                    <svg viewBox=\"0 0 24 24\" fill=\"none\" stroke=\"currentColor\" stroke-width=\"2\">\r\n                        <path d=\"M12 22s8-4 8-10V5l-8-3-8 3v7c0 6 8 10 8 10z\"\/>\r\n                    <\/svg>\r\n                    <h3>Transparencia<\/h3>\r\n                    <p>Honestidad y claridad en cada operaci\u00f3n<\/p>\r\n                <\/div>\r\n                <div class=\"value-item\">\r\n                    <svg viewBox=\"0 0 24 24\" fill=\"none\" stroke=\"currentColor\" stroke-width=\"2\">\r\n                        <path d=\"M3 3h18v18H3zM3 9h18M9 21V9\"\/>\r\n                    <\/svg>\r\n                    <h3>Sostenibilidad<\/h3>\r\n                    <p>Compromiso con el planeta y las futuras generaciones<\/p>\r\n                <\/div>\r\n                <div class=\"value-item\">\r\n                    <svg viewBox=\"0 0 24 24\" fill=\"none\" stroke=\"currentColor\" stroke-width=\"2\">\r\n                        <path d=\"M20.84 4.61a5.5 5.5 0 0 0-7.78 0L12 5.67l-1.06-1.06a5.5 5.5 0 0 0-7.78 7.78l1.06 1.06L12 21.23l7.78-7.78 1.06-1.06a5.5 5.5 0 0 0 0-7.78z\"\/>\r\n                    <\/svg>\r\n                    <h3>Excelencia<\/h3>\r\n                    <p>B\u00fasqueda continua de la mejora en todo lo que hacemos<\/p>\r\n                <\/div>\r\n            <\/div>\r\n        <\/div>\r\n    <\/div>\r\n<\/body>\r\n<\/html>\t\t\t\t<\/div>\n\t\t\t\t\t<\/div>\n\t\t\t\t<\/div>\n\t\t\t\t<\/div>\n\t\t","protected":false},"excerpt":{"rendered":"<p>Nosotros &#8211; XH Hogar XH Productos para el Hogar Consultor\u00edas e Inversiones SM SpA Calidad, Compromiso y Sostenibilidad Nuestra Historia Somos una empresa familiar comprometida con ofrecer productos de calidad a precios competitivos. Importamos cuidadosamente una amplia gama de productos, seleccionados por su excelencia y valor, para proporcionar experiencias \u00fanicas a nuestros clientes. Cada producto [&hellip;]<\/p>\n","protected":false},"author":1,"featured_media":0,"parent":0,"menu_order":0,"comment_status":"closed","ping_status":"closed","template":"","meta":{"footnotes":""},"class_list":["post-691","page","type-page","status-publish","hentry"],"blocksy_meta":{"page_title_panel":"","has_hero_section":"disabled","e526bf15e511397327c0ea7c622e70d5":"","hero_section":"type-1","hero_elements":[{"id":"custom_title","enabled":true,"heading_tag":"h1","title":"Home"},{"id":"custom_description","enabled":true,"description_visibility":{"desktop":true,"tablet":true,"mobile":false}},{"id":"custom_meta","enabled":false,"meta_elements":[{"id":"author","enabled":true,"label":"By","has_author_avatar":"yes","avatar_size":25},{"id":"post_date","enabled":true,"label":"On","date_format_source":"default","date_format":"M j, Y"},{"id":"updated_date","enabled":false,"label":"On","date_format_source":"default","date_format":"M j, Y"},{"id":"categories","enabled":false,"label":"In","style":"simple"},{"id":"comments","enabled":true}],"page_meta_elements":{"joined":true,"articles_count":true,"comments":true}},{"id":"breadcrumbs","enabled":false}],"e215eb52d97ca5ebf9ff3868ffff48c4":"","hero_alignment1":"CT_CSS_SKIP_RULE","hero_margin":40,"hero_alignment2":"center","hero_vertical_alignment":"center","9ab8835f9687c382b8c48ee74eb290b1":"","hero_structure":"narrow","9fcb5372e27f299ebb25c8a4aba6c935":"","page_title_bg_type":"featured_image","custom_hero_background":{"attachment_id":null},"page_title_image_size":"full","parallax":{"desktop":false,"tablet":false,"mobile":false},"a6bd30db6f7128ca14dd777aa48118ec":"","hero_height":"250px","pageTitleFont":{"family":"Default","variation":"Default","size":"30px","line-height":"CT_CSS_SKIP_RULE","letter-spacing":"CT_CSS_SKIP_RULE","text-transform":"CT_CSS_SKIP_RULE","text-decoration":"CT_CSS_SKIP_RULE"},"pageTitleFontColor":{"default":{"color":"CT_CSS_SKIP_RULEDEFAULT"}},"pageMetaFont":{"family":"Default","variation":"n6","size":"12px","line-height":"1.3","letter-spacing":"CT_CSS_SKIP_RULE","text-transform":"uppercase","text-decoration":"CT_CSS_SKIP_RULE"},"pageMetaFontColor":{"default":{"color":"CT_CSS_SKIP_RULEDEFAULT"},"hover":{"color":"CT_CSS_SKIP_RULEDEFAULT"}},"page_meta_button_type_font_colors":{"default":{"color":"CT_CSS_SKIP_RULEDEFAULT"},"hover":{"color":"CT_CSS_SKIP_RULEDEFAULT"}},"page_meta_button_type_background_colors":{"default":{"color":"CT_CSS_SKIP_RULEDEFAULT"},"hover":{"color":"CT_CSS_SKIP_RULEDEFAULT"}},"pageExcerptFont":{"family":"Default","variation":"Default","size":"CT_CSS_SKIP_RULE","line-height":"CT_CSS_SKIP_RULE","letter-spacing":"CT_CSS_SKIP_RULE","text-transform":"CT_CSS_SKIP_RULE","text-decoration":"CT_CSS_SKIP_RULE"},"pageExcerptColor":{"default":{"color":"CT_CSS_SKIP_RULEDEFAULT"}},"breadcrumbsFont":{"family":"Default","variation":"Default","size":"CT_CSS_SKIP_RULE","line-height":"CT_CSS_SKIP_RULE","letter-spacing":"CT_CSS_SKIP_RULE","text-transform":"CT_CSS_SKIP_RULE","text-decoration":"CT_CSS_SKIP_RULE"},"breadcrumbsFontColor":{"default":{"color":"CT_CSS_SKIP_RULEDEFAULT"},"initial":{"color":"CT_CSS_SKIP_RULEDEFAULT"},"hover":{"color":"CT_CSS_SKIP_RULEDEFAULT"}},"pageTitleOverlay":{"background_type":"color","background_pattern":"type-1","background_image":{"attachment_id":null,"x":0,"y":0},"gradient":"linear-gradient(135deg,rgba(6,147,227,1) 0%,rgb(155,81,224) 100%)","background_repeat":"repeat","background_size":"auto","background_attachment":"scroll","patternColor":{"default":{"color":"#e5e7ea"}},"overlayColor":{"default":{"color":"CT_CSS_SKIP_RULE"}},"backgroundColor":{"default":{"color":"CT_CSS_SKIP_RULE"}}},"pageTitleBackground":{"background_type":"color","background_pattern":"type-1","background_image":{"attachment_id":null,"x":0,"y":0},"gradient":"linear-gradient(135deg,rgba(6,147,227,1) 0%,rgb(155,81,224) 100%)","background_repeat":"repeat","background_size":"auto","background_attachment":"scroll","patternColor":{"default":{"color":"#e5e7ea"}},"overlayColor":{"default":{"color":"CT_CSS_SKIP_RULE"}},"backgroundColor":{"default":{"color":"var(--theme-palette-color-6)"}}},"pageTitlePadding":{"top":"50px","bottom":"50px","left":"auto","right":"auto","linked":true},"17dd88181336b93c39910ae374bba20f":"","page_structure_type":"default","dc61af32236be1bc5ecce3249dcc2da4":"","content_style_source":"inherit","content_style":"wide","vertical_spacing_source":"custom","content_area_spacing":"none","background":{"background_type":"color","background_pattern":"type-1","background_image":{"attachment_id":null,"x":0,"y":0},"gradient":"linear-gradient(135deg,rgba(6,147,227,1) 0%,rgb(155,81,224) 100%)","background_repeat":"repeat","background_size":"auto","background_attachment":"scroll","patternColor":{"default":{"color":"#e5e7ea"}},"overlayColor":{"default":{"color":"CT_CSS_SKIP_RULE"}},"backgroundColor":{"default":{"color":"CT_CSS_SKIP_RULE"}}},"content_background":{"background_type":"color","background_pattern":"type-1","background_image":{"attachment_id":null,"x":0,"y":0},"gradient":"linear-gradient(135deg,rgba(6,147,227,1) 0%,rgb(155,81,224) 100%)","background_repeat":"repeat","background_size":"auto","background_attachment":"scroll","patternColor":{"default":{"color":"#e5e7ea"}},"overlayColor":{"default":{"color":"CT_CSS_SKIP_RULE"}},"backgroundColor":{"default":{"color":"var(--theme-palette-color-8)"}}},"content_boxed_shadow":{"inherit":false,"blur":18,"spread":-6,"v_offset":12,"h_offset":0,"inset":false,"enable":true,"color":{"color":"rgba(34, 56, 101, 0.04)"}},"boxed_content_spacing":{"desktop":{"top":"40px","bottom":"40px","left":"40px","right":"40px","linked":true},"tablet":{"top":"35px","bottom":"35px","left":"35px","right":"35px","linked":true},"mobile":{"top":"20px","bottom":"20px","left":"20px","right":"20px","linked":true}},"content_boxed_radius":{"top":"3px","bottom":"3px","left":"3px","right":"3px","linked":true},"27df1c2ee6c2fdf36e31c6059ce1ce37":"","disable_featured_image":"no","disable_share_box":"no","disable_header":"no","disable_footer":"no","styles_descriptor":{"styles":{"desktop":"","tablet":"","mobile":""},"google_fonts":[],"version":6}},"aioseo_notices":[],"_links":{"self":[{"href":"https:\/\/xhhogar.com\/index.php\/wp-json\/wp\/v2\/pages\/691","targetHints":{"allow":["GET"]}}],"collection":[{"href":"https:\/\/xhhogar.com\/index.php\/wp-json\/wp\/v2\/pages"}],"about":[{"href":"https:\/\/xhhogar.com\/index.php\/wp-json\/wp\/v2\/types\/page"}],"author":[{"embeddable":true,"href":"https:\/\/xhhogar.com\/index.php\/wp-json\/wp\/v2\/users\/1"}],"replies":[{"embeddable":true,"href":"https:\/\/xhhogar.com\/index.php\/wp-json\/wp\/v2\/comments?post=691"}],"version-history":[{"count":0,"href":"https:\/\/xhhogar.com\/index.php\/wp-json\/wp\/v2\/pages\/691\/revisions"}],"wp:attachment":[{"href":"https:\/\/xhhogar.com\/index.php\/wp-json\/wp\/v2\/media?parent=691"}],"curies":[{"name":"wp","href":"https:\/\/api.w.org\/{rel}","templated":true}]}}