{"id":1396,"date":"2025-08-11T23:15:14","date_gmt":"2025-08-12T03:15:14","guid":{"rendered":"https:\/\/xhhogar.com\/index.php\/product\/camara-de-seguridad-inalambrica-2\/"},"modified":"2026-02-16T20:47:12","modified_gmt":"2026-02-16T23:47:12","slug":"camara-de-seguridad-inalambrica-2","status":"publish","type":"product","link":"https:\/\/xhhogar.com\/index.php\/product\/camara-de-seguridad-inalambrica-2\/","title":{"rendered":"C\u00e1mara de seguridad inal\u00e1mbrica"},"content":{"rendered":"<h2><strong>Lleva tu sistema de seguridad al siguiente nivel \ud83d\ude0d \u00a1Supervisa todo desde cualquier lugar!\u00a0<\/strong><\/h2>\n<p>Le permite grabar instant\u00e1neamente cu\u00e1ndo y d\u00f3nde se requiere vigilancia.\u00a0Con detecci\u00f3n de movimiento incorporada, tecnolog\u00eda de seguimiento autom\u00e1tico, visi\u00f3n nocturna infrarroja y comunicaci\u00f3n bidireccional, tiene todo lo que necesita, todo instalado en segundos.<\/p>\n<figure class=\"image\"><img decoding=\"async\" src=\"https:\/\/cdn.shopify.com\/s\/files\/1\/0075\/8297\/4063\/files\/63.jpg?v=1637396165\" alt=\"\"><\/figure>\n<p>\u00a0<\/p>\n<h3><strong>INSTALACI\u00d3N INAL\u00c1MBRICA Y F\u00c1CIL\u00a0<\/strong><br \/>\u00a0<\/h3>\n<p>Esta c\u00e1mara se puede instalar utilizando una base de bombilla E27 normal (110 V ~ 240 V), NO M\u00c1S PASOS DE INSTALACI\u00d3N ADICIONALES.\u00a0Luego, solo necesita conectar el sistema de la c\u00e1mara al enrutador, abrir la aplicaci\u00f3n para configurar la c\u00e1mara en minutos.<\/p>\n<figure class=\"image\"><img decoding=\"async\" src=\"https:\/\/cdn.cloudfastin.top\/image\/2022\/08\/268f866601edc31ddd3cc066345b756094fe5f3eb0dfe55b75e3ce04ed4909bc.gif\"><\/figure>\n<h3><strong>VISTA REMOTA Y VISI\u00d3N NOCTURNA<\/strong><\/h3>\n<p>Nuestra c\u00e1mara puede controlar el \u00e1ngulo de visi\u00f3n a trav\u00e9s de la aplicaci\u00f3n, puede acceder de forma remota a la vista en cualquier lugar y en cualquier momento a trav\u00e9s de su iPhone\/tel\u00e9fono Android\/Ipad, incluso en la oscuridad total, puede ver im\u00e1genes claras.<\/p>\n<figure class=\"image\"><img decoding=\"async\" src=\"https:\/\/cdn.shopify.com\/s\/files\/1\/0075\/8297\/4063\/files\/17_06f3cd03-2d6e-480a-b802-c1e75a7fd388.jpg?v=1637395883\" alt=\"\"><\/figure>\n<p><strong>DETECCI\u00d3N DE MOVIMIENTO Y ALERTAS EN TIEMPO REAL<\/strong>\u00a0<\/p>\n<p>Esta c\u00e1mara de vigilancia domo PTZ adopta un sensor de movimiento altamente sensible.\u00a0Una vez que la c\u00e1mara detecta el movimiento del objeto despu\u00e9s de conectarse a Internet, grabar\u00e1 la imagen en movimiento y le notificar\u00e1 a trav\u00e9s de la aplicaci\u00f3n.<\/p>\n<figure class=\"image\"><img decoding=\"async\" src=\"https:\/\/cdn.shopify.com\/s\/files\/1\/0075\/8297\/4063\/files\/1_d1dea5fa-be51-48a6-aa66-03698dd63b52.png?v=1637395844\" alt=\"\"><\/figure>\n<h3><strong>1080P Y PAN TILT\u00a0<\/strong><\/h3>\n<p>Esta c\u00e1mara WiFi Pan Tilt puede brindarle una vista clara (resoluci\u00f3n Full HD 1080P) en cualquier momento.\u00a0Puede usar la aplicaci\u00f3n para controlar el \u00e1ngulo de visi\u00f3n de la c\u00e1mara para lograr una visualizaci\u00f3n de 360 \u200b\u200bgrados sin puntos ciegos.<\/p>\n<figure class=\"image\"><img decoding=\"async\" src=\"https:\/\/cdn.shopify.com\/s\/files\/1\/0075\/8297\/4063\/files\/No_SD_Card-05.jpg?v=1637395816\" alt=\"\"><\/figure>\n<h3><strong>AUDIO BIDIRECCIONAL Y SERVICIO DE ALTA CALIDAD\u00a0<\/strong><\/h3>\n<p>Micr\u00f3fono y altavoz incorporados, la c\u00e1mara de seguridad con bombilla puede tener una conversaci\u00f3n entre usted y su visitante.\u00a0Si tiene alguna pregunta, por favor cont\u00e1ctenos.\u00a0Brindamos soporte t\u00e9cnico y servicios de por vida.<\/p>\n<figure class=\"image\"><img decoding=\"async\" src=\"https:\/\/cdn.shopify.com\/s\/files\/1\/0075\/8297\/4063\/files\/72.jpg?v=1637396370\" alt=\"\"><\/figure>\n<h3><strong>PARAMETROS DEL PRODUCTO<\/strong><\/h3>\n<ul>\n<li>Alta definici\u00f3n: 1080P (Full-HD)<\/li>\n<li>Visi\u00f3n nocturna: fuentes de luz duales, infrarrojos + a todo color<\/li>\n<li>Rango de visi\u00f3n nocturna: 0-20 metros<\/li>\n<li>Distancia efectiva: 0-20m<\/li>\n<li>Longitud focal de la lente: 0-20 m<\/li>\n<li>Distancia de irradiaci\u00f3n de luz infrarroja: 0-20 m<\/li>\n<li>Audio bidireccional<\/li>\n<li>Detecci\u00f3n de movimiento<\/li>\n<li>\u00c1ngulo de visi\u00f3n: 355\u00b0 (Nivel)\/90\u00b0 (Vertical)<\/li>\n<li>Sistemas m\u00f3viles compatibles: Android\/iOS\/PC<\/li>\n<li>Conectividad: Red Inal\u00e1mbrica<\/li>\n<li>Interfaz de red: WiFi\/802.11\/b\/g<\/li>\n<li>Almacenamiento: 16G\/32G\/64G\u00a0\/128G\u00a0\u00a0(se requiere tarjeta TF)<\/li>\n<li>Fuente de alimentaci\u00f3n (V): 110-240V<\/li>\n<li>Caracter\u00edsticas: detecci\u00f3n de movimiento\/intercomunicador de voz\/cambio autom\u00e1tico de modo infrarrojo<\/li>\n<li>Dimensiones (largo x ancho x profundidad)(mm): 9*8*16,5 cm<\/li>\n<\/ul>\n<figure class=\"image\"><img decoding=\"async\" src=\"https:\/\/cdn.shopify.com\/s\/files\/1\/0075\/8297\/4063\/files\/No_SD_Card-08.jpg?v=1637396418\" alt=\"\"><\/figure>\n<p><strong>EL PAQUETE INCLUYE<\/strong><\/p>\n<ul>\n<li>1 c\u00e1mara de vigilancia.<\/li>\n<li>1 X herramientas de instalaci\u00f3n<\/li>\n<li>1 soporte para c\u00e1mara.<\/li>\n<li>1 manual<\/li>\n<\/ul>\n<figure class=\"image\"><img decoding=\"async\" src=\"https:\/\/cdn.shopify.com\/s\/files\/1\/0075\/8297\/4063\/files\/55.jpg?v=1637396614\"><\/figure>\n<h4><strong>Gracias por confiar en nosotros. Aqu\u00ed est\u00e1 nuestra pol\u00edtica de garantia:<\/strong><\/h4>\n<h4>\u00a0<strong>Duraci\u00f3n<\/strong><span style=\", sans-serif\">: 10 d\u00edas desde la entrega.<\/span><\/h4>\n<h4>\u00a0<strong>Condiciones<\/strong><span style=\", sans-serif\">: Cubrimos solo da\u00f1os que afecten el funcionamiento o integridad del producto. No aceptamos devoluciones por otros motivos.<\/span><\/h4>\n<h4>\u00a0<strong>Procedimiento<\/strong><span style=\", sans-serif\">: Cont\u00e1ctanos inmediatamente si hay problemas. Necesitamos evidencia visual( fotos y videos) para el reclamo.<\/span><\/h4>\n<h4>\u00a0<strong>Resoluci\u00f3n<\/strong><span style=\", sans-serif\">: Evaluaremos y ofreceremos reparaci\u00f3n, reemplazo o reembolso seg\u00fan corresponda.<\/span><\/h4>\n<h4>\u00a0<strong>Proceso<\/strong><span style=\", sans-serif\">: Env\u00eda la evidencia al equipo de atenci\u00f3n al cliente con detalles de compra.<\/span><\/h4>\n<h4>\u00a0<strong>Contacto<\/strong><span style=\", sans-serif\">: Para consultas, cont\u00e1ctanos sin dudarlo. Gracias por elegirnos.<\/span><\/h4>\n<h4>\u00a0<span style=\", sans-serif\">Para hacer v\u00e1lida tu garant\u00eda, ten en cuenta que el producto debe llegar defectuoso o incorrecto. Debe devolverse en las mismas condiciones en que fue entregado.<\/span><\/h4>\n<h4>\u00a0<strong>Nulidad de Garant\u00eda:<\/strong><span style=\", sans-serif\"> La garant\u00eda es v\u00e1lida si el producto no ha sido modificado, manipulado, utilizado incorrectamente, da\u00f1ado por terceros o agentes externos.<\/span><\/h4>\n<p>\u00a0<\/p>\n<p>\u00a0<\/p>\n","protected":false},"excerpt":{"rendered":"<p>\ud83d\ude9a Calcula el costo de env\u00edo directamente en el checkout<br \/>\u23f1\ufe0f Entrega estimada: 2 a 5 d\u00edas h\u00e1biles<br \/>\ud83d\udcb3 Hasta 3 cuotas precio contado en compras iguales o superiores a $10.000<br \/>\ud83d\udcf2 Cont\u00e1ctanos por Telegram @xh_hogar o WhatsApp +56 9 5719 3517<\/p>\n","protected":false},"featured_media":1420,"comment_status":"open","ping_status":"closed","template":"","meta":[],"product_brand":[],"product_cat":[52,48],"product_tag":[],"class_list":{"0":"post-1396","1":"product","2":"type-product","3":"status-publish","4":"has-post-thumbnail","6":"product_cat-seguridad","7":"product_cat-tecnologia","9":"first","10":"instock","11":"sale","12":"taxable","13":"shipping-taxable","14":"purchasable","15":"product-type-simple"},"aioseo_notices":[],"_links":{"self":[{"href":"https:\/\/xhhogar.com\/index.php\/wp-json\/wp\/v2\/product\/1396","targetHints":{"allow":["GET"]}}],"collection":[{"href":"https:\/\/xhhogar.com\/index.php\/wp-json\/wp\/v2\/product"}],"about":[{"href":"https:\/\/xhhogar.com\/index.php\/wp-json\/wp\/v2\/types\/product"}],"replies":[{"embeddable":true,"href":"https:\/\/xhhogar.com\/index.php\/wp-json\/wp\/v2\/comments?post=1396"}],"wp:featuredmedia":[{"embeddable":true,"href":"https:\/\/xhhogar.com\/index.php\/wp-json\/wp\/v2\/media\/1420"}],"wp:attachment":[{"href":"https:\/\/xhhogar.com\/index.php\/wp-json\/wp\/v2\/media?parent=1396"}],"wp:term":[{"taxonomy":"product_brand","embeddable":true,"href":"https:\/\/xhhogar.com\/index.php\/wp-json\/wp\/v2\/product_brand?post=1396"},{"taxonomy":"product_cat","embeddable":true,"href":"https:\/\/xhhogar.com\/index.php\/wp-json\/wp\/v2\/product_cat?post=1396"},{"taxonomy":"product_tag","embeddable":true,"href":"https:\/\/xhhogar.com\/index.php\/wp-json\/wp\/v2\/product_tag?post=1396"}],"curies":[{"name":"wp","href":"https:\/\/api.w.org\/{rel}","templated":true}]}}