{"id":859,"date":"2024-03-26T20:43:06","date_gmt":"2024-03-26T23:43:06","guid":{"rendered":"https:\/\/xhhogar.com\/?post_type=product&#038;p=859"},"modified":"2026-02-16T20:47:09","modified_gmt":"2026-02-16T23:47:09","slug":"sa400m1j","status":"publish","type":"product","link":"https:\/\/xhhogar.com\/index.php\/product\/sa400m1j\/","title":{"rendered":"S\u00e1banas De Algod\u00f3n XHome 400 Hilos &#8211; 2 plazas"},"content":{"rendered":"\n<p class=\"has-text-align-left has-medium-font-size\">\u00a1Sum\u00e9rgete en el lujo supremo con nuestras s\u00e1banas de algod\u00f3n de 400 hilos! Dise\u00f1adas para ofrecer una experiencia de descanso incomparable, estas s\u00e1banas son el ep\u00edtome del confort y la elegancia. Confeccionadas con algod\u00f3n de la m\u00e1s alta calidad, cada hilo ha sido cuidadosamente tejido para brindar una suavidad excepcional y una sensaci\u00f3n de frescura que te envolver\u00e1 en cada noche de sue\u00f1o.<\/p>\n\n\n\n<p class=\"has-medium-font-size\">Esta oferta especial corresponde a un producto exclusivo, \u00a1asegura tu juego de s\u00e1banas ahora mismo y s\u00e9 uno de los primeros en disfrutar del lujo y la comodidad que ofrecen nuestras s\u00e1banas de 400 hilos! Estamos emocionados de ofrecerte la oportunidad de mejorar tu experiencia de descanso con estas s\u00e1banas de primera calidad.<\/p>\n\n\n\n<p class=\"has-medium-font-size\">No pierdas la oportunidad de transformar tu dormitorio en un santuario de confort y estilo con nuestras s\u00e1banas de algod\u00f3n de 400 hilos. Reserva las tuyas hoy mismo y prep\u00e1rate para vivir una experiencia de descanso sin igual. \u00a1Haz tu compra ahora y disfruta del lujo que mereces!<\/p>\n\n\n\n<p>Accede hasta un 10% de descuento adicional en tu segunda compra.<\/p>\n\n\n\n<p class=\"has-medium-font-size\">SET DE DOS PLAZAS DE LUJO INCLUYE:<br>1 S\u00e1bana encimera (260 x 240 cms)<br>1 S\u00e1bana bajera (150 x 200 + 35 cms)<br>2 Fundas almohada (51 x 76 cms)<\/p>\n\n\n\n<h3 class=\"wp-block-heading has-medium-font-size\">Caracter\u00edsticas del producto<\/h3>\n\n\n\n<figure class=\"wp-block-table is-style-stripes has-medium-font-size\"><table class=\"has-fixed-layout\"><tbody><tr><th>Marca propia<\/th><td>XHome<\/td><\/tr><tr><th>L\u00ednea<\/th><td>Hotelera y alta calidad<\/td><\/tr><tr><th>Modelo<\/th><td>Matrimonial &#8211; 2 plazas<\/td><\/tr><tr><th>Presentaci\u00f3n<\/th><td>Juego de s\u00e1banas<\/td><\/tr><tr><th>Formato de venta<\/th><td>Unidad<\/td><\/tr><tr><th>Tama\u00f1o del colch\u00f3n<\/th><td>Matrimonial &#8211; 2 plazas<\/td><\/tr><tr><th>Largo de la s\u00e1bana ajustable<\/th><td>200 cm<\/td><\/tr><tr><th>Ancho de la s\u00e1bana ajustable<\/th><td>150 cm<\/td><\/tr><tr><th>Largo de la s\u00e1bana plana<\/th><td>260 cm<\/td><\/tr><tr><th>Ancho de la s\u00e1bana plana<\/th><td>240 cm<\/td><\/tr><tr><th>Largo de la funda de almohada<\/th><td>76 cm<\/td><\/tr><tr><th>Ancho de la funda de almohada<\/th><td>51 cm<\/td><\/tr><tr><th>Largo m\u00e1ximo del colch\u00f3n<\/th><td>200 cm<\/td><\/tr><tr><th>Ancho m\u00e1ximo del colch\u00f3n<\/th><td>150 cm<\/td><\/tr><tr><th>Altura m\u00e1xima del colch\u00f3n<\/th><td>35 cm<\/td><\/tr><tr><th>Dise\u00f1o De La Tela<\/th><td>Liso<\/td><\/tr><\/tbody><\/table><\/figure>\n\n\n\n<h3 class=\"wp-block-heading has-medium-font-size\">Otras caracter\u00edsticas<\/h3>\n\n\n\n<div class=\"wp-block-columns is-layout-flex wp-container-core-columns-is-layout-28f84493 wp-block-columns-is-layout-flex\">\n<div class=\"wp-block-column is-layout-flow wp-block-column-is-layout-flow\" style=\"flex-basis:100%\">\n<figure class=\"wp-block-table is-style-stripes has-medium-font-size\"><table class=\"has-fixed-layout\"><tbody><tr><th>Cantidad de hilos<\/th><td>400<\/td><\/tr><tr><th>Cantidad de fundas para almohadas<\/th><td>2<\/td><\/tr><tr><th>Material principal<\/th><td>Algod\u00f3n<\/td><\/tr><tr><th>Composici\u00f3n<\/th><td>100% algod\u00f3n<\/td><\/tr><tr><th>Es un producto hipoalerg\u00e9nico<\/th><td>S\u00ed<\/td><\/tr><\/tbody><\/table><\/figure>\n<\/div>\n<\/div>\n\n\n\n<p><\/p>\n\n\n\n<p class=\"has-medium-font-size\"><strong>Medios de pago aceptados:<\/strong><br>Transferencia bancaria<br>Tarjeta de d\u00e9bito y cr\u00e9dito a trav\u00e9s de MercadoPago<br>Criptomonedas USDT Tether (consulta el tipo de cambio)<\/p>\n\n\n\n<div class=\"wp-block-columns is-layout-flex wp-container-core-columns-is-layout-28f84493 wp-block-columns-is-layout-flex\">\n<div class=\"wp-block-column is-layout-flow wp-block-column-is-layout-flow\"><\/div>\n\n\n\n<div class=\"wp-block-column is-layout-flow wp-block-column-is-layout-flow\">\n<figure class=\"wp-block-embed is-type-video is-provider-youtube wp-block-embed-youtube wp-embed-aspect-9-16 wp-has-aspect-ratio\"><div class=\"wp-block-embed__wrapper\">\n<iframe title=\"S\u00e1banas De Algod\u00f3n\" width=\"563\" height=\"1000\" src=\"https:\/\/www.youtube.com\/embed\/1LNj4Wm91pk?feature=oembed\" frameborder=\"0\" allow=\"accelerometer; autoplay; clipboard-write; encrypted-media; gyroscope; picture-in-picture; web-share\" referrerpolicy=\"strict-origin-when-cross-origin\" allowfullscreen><\/iframe>\n<\/div><\/figure>\n<\/div>\n\n\n\n<div class=\"wp-block-column is-layout-flow wp-block-column-is-layout-flow\"><\/div>\n<\/div>\n","protected":false},"excerpt":{"rendered":"<p>\ud83d\ude9a Calcula el costo de env\u00edo directamente en el checkout<br \/>\u23f1\ufe0f Entrega estimada: 2 a 4 d\u00edas h\u00e1biles<br \/>\ud83d\udcb3 Hasta 3 cuotas precio contado en compras iguales o superiores a $10.000<br \/>\ud83d\udcf2 Cont\u00e1ctanos por Telegram @xh_hogar o WhatsApp +56 9 5719 3517<\/p>\n","protected":false},"featured_media":3231,"comment_status":"open","ping_status":"closed","template":"","meta":[],"product_brand":[],"product_cat":[32,19],"product_tag":[35,34,22],"class_list":{"0":"post-859","1":"product","2":"type-product","3":"status-publish","4":"has-post-thumbnail","6":"product_cat-algodon","7":"product_cat-sabanas","8":"product_tag-400-hilos","9":"product_tag-algodon","10":"product_tag-sabanas","12":"first","13":"instock","14":"purchasable","15":"product-type-simple"},"aioseo_notices":[],"_links":{"self":[{"href":"https:\/\/xhhogar.com\/index.php\/wp-json\/wp\/v2\/product\/859","targetHints":{"allow":["GET"]}}],"collection":[{"href":"https:\/\/xhhogar.com\/index.php\/wp-json\/wp\/v2\/product"}],"about":[{"href":"https:\/\/xhhogar.com\/index.php\/wp-json\/wp\/v2\/types\/product"}],"replies":[{"embeddable":true,"href":"https:\/\/xhhogar.com\/index.php\/wp-json\/wp\/v2\/comments?post=859"}],"wp:featuredmedia":[{"embeddable":true,"href":"https:\/\/xhhogar.com\/index.php\/wp-json\/wp\/v2\/media\/3231"}],"wp:attachment":[{"href":"https:\/\/xhhogar.com\/index.php\/wp-json\/wp\/v2\/media?parent=859"}],"wp:term":[{"taxonomy":"product_brand","embeddable":true,"href":"https:\/\/xhhogar.com\/index.php\/wp-json\/wp\/v2\/product_brand?post=859"},{"taxonomy":"product_cat","embeddable":true,"href":"https:\/\/xhhogar.com\/index.php\/wp-json\/wp\/v2\/product_cat?post=859"},{"taxonomy":"product_tag","embeddable":true,"href":"https:\/\/xhhogar.com\/index.php\/wp-json\/wp\/v2\/product_tag?post=859"}],"curies":[{"name":"wp","href":"https:\/\/api.w.org\/{rel}","templated":true}]}}